{"id":7958,"date":"2026-04-08T11:17:27","date_gmt":"2026-04-08T11:17:27","guid":{"rendered":"https:\/\/ridehub.lt\/?post_type=product&#038;p=7958"},"modified":"2026-04-09T12:37:33","modified_gmt":"2026-04-09T12:37:33","slug":"ridstar-elektrinis-dviratis-20-48v","status":"publish","type":"product","link":"https:\/\/ridehub.lt\/lt_lt\/product\/ridstar-elektrinis-dviratis-20-48v\/","title":{"rendered":"RIDSTAR elektrinis dviratis 20&#8243; 48V"},"content":{"rendered":"<p data-start=\"1238\" data-end=\"1550\">RIDSTAR elektrinis dviratis sukurtas patogiam kasdieniam naudojimui mieste ir laisvalaikiui. Modelis komplektuojamas su 20 coli\u0173 ratais, 48V sistema ir 7 pavaromis, tod\u0117l tinka tiek kasdien\u0117ms kelion\u0117ms, tiek patogesniam va\u017ein\u0117jimui mi\u0161riu mar\u0161rutu.<\/p>\n<p data-start=\"1552\" data-end=\"1799\">Dviratyje naudojamas galinis stebul\u0117s variklis, o nurodomas sukimo momentas siekia 70\u201380 Nm. Tiek\u0117jo pateiktoje informacijoje taip pat nurodoma, kad vienu \u012fkrovimu nuva\u017eiuojamas atstumas yra daugiau nei 60 km.<\/p>\n<p data-start=\"1801\" data-end=\"2060\">Modelis turi auk\u0161to anglingumo plieno r\u0117m\u0105, 20 coli\u0173 ratus ir diskin\u0119 stabd\u017ei\u0173 sistem\u0105. Tai prakti\u0161kas pasirinkimas pirk\u0117jui, kuriam svarbus ai\u0161kus funkcionalumas, patogus dydis ir elektrin\u0117 pagalba kasdieniam va\u017eiavimui.<\/p>\n","protected":false},"excerpt":{"rendered":"<p>RIDSTAR 20&#8243; elektrinis dviratis su 48V sistema, 7 pavaromis ir galiniu varikliu. Tinka kasdieniam va\u017eiavimui mieste ir ilgesniems mar\u0161rutams. Vienu \u012fkrovimu nuva\u017eiuojamas atstumas \u2013 daugiau nei 60 km.<\/p>\n","protected":false},"featured_media":7959,"comment_status":"open","ping_status":"closed","template":"","meta":[],"product_cat":[90,15],"product_tag":[],"class_list":{"0":"post-7958","1":"product","2":"type-product","3":"status-publish","4":"has-post-thumbnail","6":"product_brand-ridstar","7":"product_cat-miesto-dviratis","8":"product_cat-visi-dviraciai","10":"first","11":"instock","12":"shipping-taxable","13":"purchasable","14":"product-type-simple"},"_links":{"self":[{"href":"https:\/\/ridehub.lt\/lt_lt\/wp-json\/wp\/v2\/product\/7958","targetHints":{"allow":["GET"]}}],"collection":[{"href":"https:\/\/ridehub.lt\/lt_lt\/wp-json\/wp\/v2\/product"}],"about":[{"href":"https:\/\/ridehub.lt\/lt_lt\/wp-json\/wp\/v2\/types\/product"}],"replies":[{"embeddable":true,"href":"https:\/\/ridehub.lt\/lt_lt\/wp-json\/wp\/v2\/comments?post=7958"}],"wp:featuredmedia":[{"embeddable":true,"href":"https:\/\/ridehub.lt\/lt_lt\/wp-json\/wp\/v2\/media\/7959"}],"wp:attachment":[{"href":"https:\/\/ridehub.lt\/lt_lt\/wp-json\/wp\/v2\/media?parent=7958"}],"wp:term":[{"taxonomy":"product_cat","embeddable":true,"href":"https:\/\/ridehub.lt\/lt_lt\/wp-json\/wp\/v2\/product_cat?post=7958"},{"taxonomy":"product_tag","embeddable":true,"href":"https:\/\/ridehub.lt\/lt_lt\/wp-json\/wp\/v2\/product_tag?post=7958"}],"curies":[{"name":"wp","href":"https:\/\/api.w.org\/{rel}","templated":true}]}}