{"id":7974,"date":"2026-04-08T12:01:56","date_gmt":"2026-04-08T12:01:56","guid":{"rendered":"https:\/\/ridehub.lt\/?post_type=product&#038;p=7974"},"modified":"2026-04-09T12:36:02","modified_gmt":"2026-04-09T12:36:02","slug":"vomo-cs20-elektrinis-miesto-dviratis-28-36v-15ah","status":"publish","type":"product","link":"https:\/\/ridehub.lt\/lt_lt\/product\/vomo-cs20-elektrinis-miesto-dviratis-28-36v-15ah\/","title":{"rendered":"VOMO CS20 elektrinis miesto dviratis 28&#8243; 36V 15Ah"},"content":{"rendered":"<p data-start=\"379\" data-end=\"694\">VOMO CS20 elektrinis miesto dviratis skirtas kasdieniam va\u017eiavimui mieste. Modelis turi 28 coli\u0173 ratus, plienin\u012f r\u0117m\u0105, 36V 15Ah li\u010dio baterij\u0105 ir 250W galin\u012f stebul\u0117s varikl\u012f. Dviratyje naudojamas LCD ekranas, 7 pavar\u0173 sistema ir priekin\u0117 amortizacija.<\/p>\n<p data-start=\"696\" data-end=\"978\">Vienu \u012fkrovimu nuva\u017eiuojamas atstumas siekia 40\u201350 km, o maksimalus greitis ribojamas iki 25 km\/h. Modelyje montuojami hidrauliniai diskiniai stabd\u017eiai, o 7 pavar\u0173 perjungimas leid\u017eia patogiau prisitaikyti prie skirtingo va\u017eiavimo tempo mieste.<\/p>\n<p data-start=\"980\" data-end=\"1233\">Baterija yra 15Ah li\u010dio tipo, \u012f komplektacij\u0105 \u012feina AC 100V\u2013240V 2A \u012fkroviklis.<\/p>\n","protected":false},"excerpt":{"rendered":"<p>VOMO CS20 \u2013 elektrinis miesto dviratis su 28&#8243; ratais, 36V 15Ah li\u010dio baterija, 250W galiniu varikliu, 7 pavaromis ir hidrauliniais diskiniais stabd\u017eiais. Vienu \u012fkrovimu nuva\u017eiuojamas atstumas \u2013 40\u201350 km, maksimalus greitis \u2013 iki 25 km\/h.<\/p>\n","protected":false},"featured_media":7975,"comment_status":"open","ping_status":"closed","template":"","meta":[],"product_cat":[15,93,90],"product_tag":[],"class_list":{"0":"post-7974","1":"product","2":"type-product","3":"status-publish","4":"has-post-thumbnail","6":"product_brand-vomo","7":"product_cat-visi-dviraciai","8":"product_cat-hibridinis","9":"product_cat-miesto-dviratis","11":"first","12":"instock","13":"shipping-taxable","14":"purchasable","15":"product-type-simple"},"_links":{"self":[{"href":"https:\/\/ridehub.lt\/lt_lt\/wp-json\/wp\/v2\/product\/7974","targetHints":{"allow":["GET"]}}],"collection":[{"href":"https:\/\/ridehub.lt\/lt_lt\/wp-json\/wp\/v2\/product"}],"about":[{"href":"https:\/\/ridehub.lt\/lt_lt\/wp-json\/wp\/v2\/types\/product"}],"replies":[{"embeddable":true,"href":"https:\/\/ridehub.lt\/lt_lt\/wp-json\/wp\/v2\/comments?post=7974"}],"wp:featuredmedia":[{"embeddable":true,"href":"https:\/\/ridehub.lt\/lt_lt\/wp-json\/wp\/v2\/media\/7975"}],"wp:attachment":[{"href":"https:\/\/ridehub.lt\/lt_lt\/wp-json\/wp\/v2\/media?parent=7974"}],"wp:term":[{"taxonomy":"product_cat","embeddable":true,"href":"https:\/\/ridehub.lt\/lt_lt\/wp-json\/wp\/v2\/product_cat?post=7974"},{"taxonomy":"product_tag","embeddable":true,"href":"https:\/\/ridehub.lt\/lt_lt\/wp-json\/wp\/v2\/product_tag?post=7974"}],"curies":[{"name":"wp","href":"https:\/\/api.w.org\/{rel}","templated":true}]}}